{"id":1475,"date":"2024-06-14T12:08:59","date_gmt":"2024-06-14T10:08:59","guid":{"rendered":"https:\/\/intranet.hostcreaktiva.com\/makesoft\/?page_id=1475"},"modified":"2024-08-12T11:25:42","modified_gmt":"2024-08-12T09:25:42","slug":"politica-de-privacidad","status":"publish","type":"page","link":"https:\/\/intranet.hostcreaktiva.com\/makesoft\/politica-de-privacidad\/","title":{"rendered":"Pol\u00edtica de Privacidad"},"content":{"rendered":"<div class=\"row\"  id=\"row-1835131747\">\n\n\t<div id=\"col-1872082826\" class=\"col small-12 large-12\"  >\n\t\t\t\t<div class=\"col-inner\"  >\n\t\t\t\n\t\t\t\n\t<div id=\"gap-472033134\" class=\"gap-element clearfix\" style=\"display:block; height:auto;\">\n\t\t\n<style>\n#gap-472033134 {\n  padding-top: 30px;\n}\n<\/style>\n\t<\/div>\n\t\n<h2>POL\u00cdTICA DE PRIVACIDAD Y PROTECCI\u00d3N DE DATOS DE CAR\u00c1CTER PERSONAL<\/h2>\n<p><strong> 1. Identidad del Responsable del Fichero<\/strong><\/p>\n<p>La informaci\u00f3n facilitada y datos personales facilitada por el USUARIO, que en esta comunicaci\u00f3n aparecen, as\u00ed como los que nuestra compa\u00f1\u00eda mantiene de Vd. y de su empresa, son tratados con la finalidad de mantener el contacto as\u00ed como realizar las gestiones que en \u00e9sta aparecen (Ley Org\u00e1nica 3\/2018, de 5 de diciembre, de Protecci\u00f3n de Datos Personales y garant\u00eda de los derechos digitales).<\/p>\n<p>Dicha informaci\u00f3n facilitada por el USUARIO ser\u00e1 incluida en uno o varios ficheros responsabilidad de MAKESOFT TECHNOLOGIES, S.L. (en adelante, MAKESOFT), con domicilio social en El Encinar (Parque Empresarial),\u00a0C\/ Loeches, 13 Alcorc\u00f3n \u2013 28925 Madrid o en el tel\u00e9fono +34 911 282 115<\/p>\n<p>Puede ejercer sus derechos de acceso, rectificaci\u00f3n, cancelaci\u00f3n y oposici\u00f3n poni\u00e9ndose en contacto con MAKESOFT TECHNOLOGIES S.L. La utilizaci\u00f3n de su direcci\u00f3n de correo electr\u00f3nico por parte de MAKESOFT queda sujeta a las disposiciones de la Ley 34\/2002, de Servicios de la Sociedad de la Informaci\u00f3n y el Comercio Electr\u00f3nico.<\/p>\n<p><strong> 2. Finalidad del tratamiento<\/strong><\/p>\n<p>MAKESOFT tratar\u00e1 la informaci\u00f3n facilitada por el USUARIO con distintas finalidades, dependiendo de la v\u00eda de recogida de los datos:<\/p>\n<ul>\n<li>Gestionar la relaci\u00f3n comercial establecida entre MAKESOFT y el USUARIO. Prestar o proporcionar la informaci\u00f3n, las demostraciones, los servicios o los productos solicitados por el USUARIO.<\/li>\n<li>Gestionar, administrar, prestar, ampliar y mejorar los productos, servicios o demostraciones que el USUARIO hubiese decidido solicitar, suscribirse o darse de alta.<\/li>\n<li>Adecuar dichas demostraciones, productos o servicios para mejorar su calidad de cara al USUARIO.<\/li>\n<li>Dise\u00f1ar nuevas demostraciones, productos o servicios relacionados con los anteriores.<\/li>\n<li>Realizar estudios estad\u00edsticos que permitan dise\u00f1ar mejoras en los servicios prestados.<\/li>\n<li>Enviar informaci\u00f3n solicitada por el USUARIO.<\/li>\n<li>Enviar informaci\u00f3n sobre modificaciones en los productos o servicios contratados por el USUARIO.<\/li>\n<li>Enviar informaci\u00f3n sobre nuevos productos o servicios similares a los contratados originalmente, o que pudieran ser de su inter\u00e9s, ya sean de MAKESOFT, o de terceras empresas colaboradoras.<\/li>\n<li>Atender sus quejas o reclamaciones por los productos o servicios contratados.<\/li>\n<li>Evaluar y gestionar su solicitud de candidatura a eventuales procesos de selecci\u00f3n de personal de la empresa.<\/li>\n<\/ul>\n<p><strong> 3. Destinatarios de la Informaci\u00f3n<\/strong><\/p>\n<ul>\n<li>Los datos que el USUARIO haya facilitado a MAKESOFT no ser\u00e1n comunicados a ning\u00fan tercero, salvo que:<\/li>\n<li>La cesi\u00f3n est\u00e9 autorizada en una ley.<\/li>\n<li>El tratamiento responda a la libre y leg\u00edtima aceptaci\u00f3n de una relaci\u00f3n jur\u00eddica cuyo desarrollo, cumplimiento y control implique necesariamente la conexi\u00f3n de dicho tratamiento con ficheros de terceros.<\/li>\n<li>Los datos sean solicitados por el Defensor del Pueblo, el Ministerio Fiscal o los Jueces o Tribunales o el Tribunal de Cuentas, en el ejercicio de las funciones que tienen atribuidas.<\/li>\n<\/ul>\n<p><strong> 4. Car\u00e1cter obligatorio o facultativo de la informaci\u00f3n solicitada<\/strong><\/p>\n<p>Los datos obligatorios de cada formulario ser\u00e1n identificados como tales en el propio formulario. La negativa a suministrar dicha informaci\u00f3n impedir\u00e1 hacer efectivo el servicio solicitado por el USUARIO.<\/p>\n<p><strong>5. Compromisos del USUARIO<\/strong><\/p>\n<p>El USUARIO garantiza que es mayor de 14 a\u00f1os, que la informaci\u00f3n facilitada es exacta y veraz y se compromete a informar a MAKESOFT de cualquier modificaci\u00f3n que sufra la informaci\u00f3n facilitada a trav\u00e9s del procedimiento establecido al efecto.<\/p>\n<p>Asimismo, el USUARIO se compromete a guardar las claves y c\u00f3digos de identificaci\u00f3n en secreto y a informar en la mayor brevedad de tiempo a MAKESOFT en caso de p\u00e9rdida, sustracci\u00f3n o acceso no autorizado. En tanto no se produzca esa comunicaci\u00f3n, MAKESOFT quedar\u00e1 eximida de toda responsabilidad que pudiera derivarse del uso indebido por terceros no autorizados de tales contrase\u00f1as y c\u00f3digos identificativos.<\/p>\n<p><strong> 6. Datos de terceros facilitados por el USUARIO.<\/strong><\/p>\n<p>En caso de que el USUARIO facilite datos personales de terceras personas con cualquier finalidad, se responsabiliza de haber informado previamente a los afectados y haber obtenido su consentimiento para la comunicaci\u00f3n de sus datos a MAKESOFT.<\/p>\n<p>El USUARIO garantiza que dichos afectados son mayores de 14 a\u00f1os, o que dispone del consentimiento de sus padres o tutores y que la informaci\u00f3n facilitada es exacta y veraz.<\/p>\n<p>En caso de que se deriven responsabilidades por un incumplimiento de estas condiciones por parte del USUARIO, deber\u00e1 responder de las consecuencias de dicho incumplimiento.<\/p>\n<p><strong> 7. Cookies y archivos de seguimiento<\/strong><\/p>\n<p>El USUARIO acepta el uso de cookies y archivos de seguimiento de direcciones IP cuyo uso permite a MAKESOFT recoger datos a efectos estad\u00edsticos como: fecha de la primera visita, n\u00famero de veces que se ha visitado, fecha de la \u00faltima visita, URL y dominio de la que proviene, explorador utilizado y resoluci\u00f3n de la pantalla.<\/p>\n<p>El USUARIO tiene la opci\u00f3n de impedir la generaci\u00f3n de cookies, mediante la selecci\u00f3n de la correspondiente opci\u00f3n en su programa navegador. Sin embargo, MAKESOFT no se responsabiliza de que la desactivaci\u00f3n de los mismos impida el buen funcionamiento de la p\u00e1gina o de los servicios solicitados. La informaci\u00f3n obtenida es totalmente an\u00f3nima, y en ning\u00fan caso puede ser asociada a un usuario concreto e identificado.<\/p>\n<p><strong>8. Medidas de seguridad<\/strong><\/p>\n<p>MAKESOFT ha adoptado las medidas de \u00edndole t\u00e9cnica y organizativas necesarias que garanticen la seguridad de los datos de car\u00e1cter personal y eviten su alteraci\u00f3n, p\u00e9rdida, tratamiento o acceso no autorizado, habida cuenta del estado de la tecnolog\u00eda, la naturaleza de los datos almacenados y los riesgos a que est\u00e9n expuestos, ya provengan de la acci\u00f3n humana o del medio f\u00edsico o natural.<\/p>\n<p>No obstante, el USUARIO debe ser consciente de que no existen medidas de seguridad totalmente inexpugnables.<\/p>\n<p><strong> 9. Acto de consentimiento<\/strong><\/p>\n<p>El USUARIO consiente expresamente el tratamiento de sus datos conforme a todo lo expresado en el presente documento, sin perjuicio de los derechos que le asisten conforme a la normativa vigente en materia de protecci\u00f3n de datos y de servicios de la sociedad de la informaci\u00f3n.<\/p>\n<p>De esta forma: a) se entender\u00e1 que existe una relaci\u00f3n contractual previa con el USUARIO; b) el consentimiento prestado ser\u00e1 indefinido; y c) sus datos ser\u00e1n tratados conforme a lo expuesto en el presente documento, hasta el momento en que el USUARIO: a) ejerza su derecho de cancelaci\u00f3n; b) revoque el consentimiento prestado; o c) se oponga a alguno de los tratamientos informados, a trav\u00e9s del procedimiento establecido al efecto.<\/p>\n<p><strong> 10. Ejercicios de derechos<\/strong><\/p>\n<p>El USUARIO podr\u00e1 revocar el consentimiento prestado, as\u00ed como ejercer sus derechos de acceso, rectificaci\u00f3n, supresi\u00f3n, cancelaci\u00f3n, limitaci\u00f3n del tratamiento, portabilidad y oposici\u00f3n a trav\u00e9s de correo ordinario a la direcci\u00f3n anteriormente indicada o a trav\u00e9s de nuestro correo electr\u00f3nico: <a href=\"mailto:lopd@makesoft.es\">gdpr@makesoft.es<\/a>.<\/p>\n<p>En cualquier caso, ser\u00e1 necesario que la solicitud contenga:<\/p>\n<ol>\n<li>Nombre y apellidos del solicitante.<\/li>\n<li>Fotocopia del DNI o documento oficial equivalente.<\/li>\n<li>Domicilio a efectos de notificaciones.<\/li>\n<li>Fecha y firma de la solicitud.<\/li>\n<li>Petici\u00f3n en que se concreta su solicitud y, en su caso, documentos acreditativos de la petici\u00f3n que formula.<\/li>\n<\/ol>\n\t\t<\/div>\n\t\t\t\t\t<\/div>\n\n\t\n<\/div>\n","protected":false},"excerpt":{"rendered":"","protected":false},"author":1,"featured_media":0,"parent":0,"menu_order":20,"comment_status":"closed","ping_status":"closed","template":"","meta":{"_acf_changed":false,"footnotes":""},"class_list":["post-1475","page","type-page","status-publish","hentry"],"acf":[],"yoast_head":"<!-- This site is optimized with the Yoast SEO plugin v26.1 - https:\/\/yoast.com\/wordpress\/plugins\/seo\/ -->\n<title>MakeSoft Technologies | Pol\u00edtica de privacidad<\/title>\n<meta name=\"description\" content=\"Los servicios que presta MakeSoft est\u00e1n respaldados por los principios de transparencia, \u00e9tica y sostenibilidad. Consulta nuestra Pol\u00edtica de Privacidad&gt;&gt;\" \/>\n<meta name=\"robots\" content=\"noindex, follow, max-snippet:-1, max-image-preview:large, max-video-preview:-1\" \/>\n<meta property=\"og:locale\" content=\"es_ES\" \/>\n<meta property=\"og:type\" content=\"article\" \/>\n<meta property=\"og:title\" content=\"MakeSoft Technologies | Pol\u00edtica de privacidad\" \/>\n<meta property=\"og:description\" content=\"Los servicios que presta MakeSoft est\u00e1n respaldados por los principios de transparencia, \u00e9tica y sostenibilidad. Consulta nuestra Pol\u00edtica de Privacidad&gt;&gt;\" \/>\n<meta property=\"og:url\" content=\"https:\/\/intranet.hostcreaktiva.com\/makesoft\/politica-de-privacidad\/\" \/>\n<meta property=\"og:site_name\" content=\"MakeSoft Technologies S.L. | Consultora tecnol\u00f3gica Microsoft\" \/>\n<meta property=\"article:modified_time\" content=\"2024-08-12T09:25:42+00:00\" \/>\n<meta property=\"og:image\" content=\"https:\/\/intranet.hostcreaktiva.com\/makesoft\/wp-content\/uploads\/2024\/06\/imagen-trabaja-2.png\" \/>\n\t<meta property=\"og:image:width\" content=\"2052\" \/>\n\t<meta property=\"og:image:height\" content=\"692\" \/>\n\t<meta property=\"og:image:type\" content=\"image\/png\" \/>\n<meta name=\"twitter:card\" content=\"summary_large_image\" \/>\n<meta name=\"twitter:label1\" content=\"Tiempo de lectura\" \/>\n\t<meta name=\"twitter:data1\" content=\"6 minutos\" \/>\n<script type=\"application\/ld+json\" class=\"yoast-schema-graph\">{\"@context\":\"https:\/\/schema.org\",\"@graph\":[{\"@type\":\"WebPage\",\"@id\":\"https:\/\/intranet.hostcreaktiva.com\/makesoft\/politica-de-privacidad\/\",\"url\":\"https:\/\/intranet.hostcreaktiva.com\/makesoft\/politica-de-privacidad\/\",\"name\":\"MakeSoft Technologies | Pol\u00edtica de privacidad\",\"isPartOf\":{\"@id\":\"https:\/\/intranet.hostcreaktiva.com\/makesoft\/#website\"},\"datePublished\":\"2024-06-14T10:08:59+00:00\",\"dateModified\":\"2024-08-12T09:25:42+00:00\",\"description\":\"Los servicios que presta MakeSoft est\u00e1n respaldados por los principios de transparencia, \u00e9tica y sostenibilidad. Consulta nuestra Pol\u00edtica de Privacidad>>\",\"breadcrumb\":{\"@id\":\"https:\/\/intranet.hostcreaktiva.com\/makesoft\/politica-de-privacidad\/#breadcrumb\"},\"inLanguage\":\"es\",\"potentialAction\":[{\"@type\":\"ReadAction\",\"target\":[\"https:\/\/intranet.hostcreaktiva.com\/makesoft\/politica-de-privacidad\/\"]}]},{\"@type\":\"BreadcrumbList\",\"@id\":\"https:\/\/intranet.hostcreaktiva.com\/makesoft\/politica-de-privacidad\/#breadcrumb\",\"itemListElement\":[{\"@type\":\"ListItem\",\"position\":1,\"name\":\"Portada\",\"item\":\"https:\/\/intranet.hostcreaktiva.com\/makesoft\/\"},{\"@type\":\"ListItem\",\"position\":2,\"name\":\"Pol\u00edtica de Privacidad\"}]},{\"@type\":\"WebSite\",\"@id\":\"https:\/\/intranet.hostcreaktiva.com\/makesoft\/#website\",\"url\":\"https:\/\/intranet.hostcreaktiva.com\/makesoft\/\",\"name\":\"MakeSoft Technologies | Consultora Tecnol\u00f3gica Microsoft\",\"description\":\"MakeSoft Technologies especialistas en Microsoft Dynamics 365, CRM, Power BI y Office 365. Soluciones tecnol\u00f3gicas para empresas.\",\"publisher\":{\"@id\":\"https:\/\/intranet.hostcreaktiva.com\/makesoft\/#organization\"},\"potentialAction\":[{\"@type\":\"SearchAction\",\"target\":{\"@type\":\"EntryPoint\",\"urlTemplate\":\"https:\/\/intranet.hostcreaktiva.com\/makesoft\/?s={search_term_string}\"},\"query-input\":{\"@type\":\"PropertyValueSpecification\",\"valueRequired\":true,\"valueName\":\"search_term_string\"}}],\"inLanguage\":\"es\"},{\"@type\":\"Organization\",\"@id\":\"https:\/\/intranet.hostcreaktiva.com\/makesoft\/#organization\",\"name\":\"MakeSoft Technologies SL\",\"url\":\"https:\/\/intranet.hostcreaktiva.com\/makesoft\/\",\"logo\":{\"@type\":\"ImageObject\",\"inLanguage\":\"es\",\"@id\":\"https:\/\/intranet.hostcreaktiva.com\/makesoft\/#\/schema\/logo\/image\/\",\"url\":\"https:\/\/intranet.hostcreaktiva.com\/makesoft\/wp-content\/uploads\/2024\/05\/logotipo-1.png\",\"contentUrl\":\"https:\/\/intranet.hostcreaktiva.com\/makesoft\/wp-content\/uploads\/2024\/05\/logotipo-1.png\",\"width\":1308,\"height\":292,\"caption\":\"MakeSoft Technologies SL\"},\"image\":{\"@id\":\"https:\/\/intranet.hostcreaktiva.com\/makesoft\/#\/schema\/logo\/image\/\"},\"sameAs\":[\"https:\/\/www.linkedin.com\/company\/693663\/admin\/feed\/posts\/\",\"https:\/\/www.youtube.com\/user\/MakeSoftTechnologies\"]}]}<\/script>\n<!-- \/ Yoast SEO plugin. -->","yoast_head_json":{"title":"MakeSoft Technologies | Pol\u00edtica de privacidad","description":"Los servicios que presta MakeSoft est\u00e1n respaldados por los principios de transparencia, \u00e9tica y sostenibilidad. Consulta nuestra Pol\u00edtica de Privacidad>>","robots":{"index":"noindex","follow":"follow","max-snippet":"max-snippet:-1","max-image-preview":"max-image-preview:large","max-video-preview":"max-video-preview:-1"},"og_locale":"es_ES","og_type":"article","og_title":"MakeSoft Technologies | Pol\u00edtica de privacidad","og_description":"Los servicios que presta MakeSoft est\u00e1n respaldados por los principios de transparencia, \u00e9tica y sostenibilidad. Consulta nuestra Pol\u00edtica de Privacidad>>","og_url":"https:\/\/intranet.hostcreaktiva.com\/makesoft\/politica-de-privacidad\/","og_site_name":"MakeSoft Technologies S.L. | Consultora tecnol\u00f3gica Microsoft","article_modified_time":"2024-08-12T09:25:42+00:00","og_image":[{"width":2052,"height":692,"url":"https:\/\/intranet.hostcreaktiva.com\/makesoft\/wp-content\/uploads\/2024\/06\/imagen-trabaja-2.png","type":"image\/png"}],"twitter_card":"summary_large_image","twitter_misc":{"Tiempo de lectura":"6 minutos"},"schema":{"@context":"https:\/\/schema.org","@graph":[{"@type":"WebPage","@id":"https:\/\/intranet.hostcreaktiva.com\/makesoft\/politica-de-privacidad\/","url":"https:\/\/intranet.hostcreaktiva.com\/makesoft\/politica-de-privacidad\/","name":"MakeSoft Technologies | Pol\u00edtica de privacidad","isPartOf":{"@id":"https:\/\/intranet.hostcreaktiva.com\/makesoft\/#website"},"datePublished":"2024-06-14T10:08:59+00:00","dateModified":"2024-08-12T09:25:42+00:00","description":"Los servicios que presta MakeSoft est\u00e1n respaldados por los principios de transparencia, \u00e9tica y sostenibilidad. Consulta nuestra Pol\u00edtica de Privacidad>>","breadcrumb":{"@id":"https:\/\/intranet.hostcreaktiva.com\/makesoft\/politica-de-privacidad\/#breadcrumb"},"inLanguage":"es","potentialAction":[{"@type":"ReadAction","target":["https:\/\/intranet.hostcreaktiva.com\/makesoft\/politica-de-privacidad\/"]}]},{"@type":"BreadcrumbList","@id":"https:\/\/intranet.hostcreaktiva.com\/makesoft\/politica-de-privacidad\/#breadcrumb","itemListElement":[{"@type":"ListItem","position":1,"name":"Portada","item":"https:\/\/intranet.hostcreaktiva.com\/makesoft\/"},{"@type":"ListItem","position":2,"name":"Pol\u00edtica de Privacidad"}]},{"@type":"WebSite","@id":"https:\/\/intranet.hostcreaktiva.com\/makesoft\/#website","url":"https:\/\/intranet.hostcreaktiva.com\/makesoft\/","name":"MakeSoft Technologies | Consultora Tecnol\u00f3gica Microsoft","description":"MakeSoft Technologies especialistas en Microsoft Dynamics 365, CRM, Power BI y Office 365. Soluciones tecnol\u00f3gicas para empresas.","publisher":{"@id":"https:\/\/intranet.hostcreaktiva.com\/makesoft\/#organization"},"potentialAction":[{"@type":"SearchAction","target":{"@type":"EntryPoint","urlTemplate":"https:\/\/intranet.hostcreaktiva.com\/makesoft\/?s={search_term_string}"},"query-input":{"@type":"PropertyValueSpecification","valueRequired":true,"valueName":"search_term_string"}}],"inLanguage":"es"},{"@type":"Organization","@id":"https:\/\/intranet.hostcreaktiva.com\/makesoft\/#organization","name":"MakeSoft Technologies SL","url":"https:\/\/intranet.hostcreaktiva.com\/makesoft\/","logo":{"@type":"ImageObject","inLanguage":"es","@id":"https:\/\/intranet.hostcreaktiva.com\/makesoft\/#\/schema\/logo\/image\/","url":"https:\/\/intranet.hostcreaktiva.com\/makesoft\/wp-content\/uploads\/2024\/05\/logotipo-1.png","contentUrl":"https:\/\/intranet.hostcreaktiva.com\/makesoft\/wp-content\/uploads\/2024\/05\/logotipo-1.png","width":1308,"height":292,"caption":"MakeSoft Technologies SL"},"image":{"@id":"https:\/\/intranet.hostcreaktiva.com\/makesoft\/#\/schema\/logo\/image\/"},"sameAs":["https:\/\/www.linkedin.com\/company\/693663\/admin\/feed\/posts\/","https:\/\/www.youtube.com\/user\/MakeSoftTechnologies"]}]}},"_links":{"self":[{"href":"https:\/\/intranet.hostcreaktiva.com\/makesoft\/wp-json\/wp\/v2\/pages\/1475","targetHints":{"allow":["GET"]}}],"collection":[{"href":"https:\/\/intranet.hostcreaktiva.com\/makesoft\/wp-json\/wp\/v2\/pages"}],"about":[{"href":"https:\/\/intranet.hostcreaktiva.com\/makesoft\/wp-json\/wp\/v2\/types\/page"}],"author":[{"embeddable":true,"href":"https:\/\/intranet.hostcreaktiva.com\/makesoft\/wp-json\/wp\/v2\/users\/1"}],"replies":[{"embeddable":true,"href":"https:\/\/intranet.hostcreaktiva.com\/makesoft\/wp-json\/wp\/v2\/comments?post=1475"}],"version-history":[{"count":7,"href":"https:\/\/intranet.hostcreaktiva.com\/makesoft\/wp-json\/wp\/v2\/pages\/1475\/revisions"}],"predecessor-version":[{"id":2673,"href":"https:\/\/intranet.hostcreaktiva.com\/makesoft\/wp-json\/wp\/v2\/pages\/1475\/revisions\/2673"}],"wp:attachment":[{"href":"https:\/\/intranet.hostcreaktiva.com\/makesoft\/wp-json\/wp\/v2\/media?parent=1475"}],"curies":[{"name":"wp","href":"https:\/\/api.w.org\/{rel}","templated":true}]}}