{"id":1493,"date":"2024-06-14T12:39:05","date_gmt":"2024-06-14T10:39:05","guid":{"rendered":"https:\/\/intranet.hostcreaktiva.com\/makesoft\/?page_id=1493"},"modified":"2025-03-17T17:12:57","modified_gmt":"2025-03-17T16:12:57","slug":"politica-de-seguridad-de-la-informacion","status":"publish","type":"page","link":"https:\/\/intranet.hostcreaktiva.com\/makesoft\/politica-de-seguridad-de-la-informacion\/","title":{"rendered":"POLITICA DE SEGURIDAD DE LA INFORMACION"},"content":{"rendered":"<div class=\"row\"  id=\"row-1076032103\">\n\n\t<div id=\"col-2018907961\" class=\"col small-12 large-12\"  >\n\t\t\t\t<div class=\"col-inner\"  >\n\t\t\t\n\t\t\t\n\t<div id=\"gap-633285167\" class=\"gap-element clearfix\" style=\"display:block; height:auto;\">\n\t\t\n<style>\n#gap-633285167 {\n  padding-top: 30px;\n}\n<\/style>\n\t<\/div>\n\t\n<h2>POLITICA DE SEGURIDAD DE LA INFORMACION<\/h2>\n<p>El objeto de esta pol\u00edtica es alcanzar una protecci\u00f3n adecuada de la informaci\u00f3n de MakeSoft Technologies preservando los siguientes principios de la seguridad:<\/p>\n<ul>\n<li><strong>Confidencialidad<\/strong>: garantizar que la informaci\u00f3n sea accesible s\u00f3lo para quien est\u00e9 autorizado a tener acceso a la misma.<\/li>\n<li><strong>Integridad<\/strong>: garantizar la exactitud y completitud de la informaci\u00f3n y de los m\u00e9todos de su procesamiento.<\/li>\n<li><strong>Disponibilidad<\/strong>: garantizar que los usuarios autorizados tienen acceso cuando lo requieran a la informaci\u00f3n y sus activos asociados.<\/li>\n<\/ul>\n<p>Para asegurar la adecuada protecci\u00f3n de la Informaci\u00f3n, tanto frente a terceros como internamente, la direcci\u00f3n junto a los responsables y empleados altamente cualificados con los que cuenta <strong>MakeSoft Technologies<\/strong> ha planificado un conjunto de acciones y sistemas que deben proporcionar la confianza adecuada frente a nuestros clientes y que se definen a continuaci\u00f3n en nuestra Pol\u00edtica de Seguridad de la Informaci\u00f3n:<\/p>\n<ul>\n<li>Conocer y satisfacer las necesidades y expectativas de nuestros clientes, garantizando un compromiso de cumplir los requisitos establecidos por los clientes, por la legislaci\u00f3n vigente que sea aplicable a las actividades y servicios desarrollados, los requisitos propios que nuestra organizaci\u00f3n suscriba, requisitos aplicables a la seguridad de la informaci\u00f3n, as\u00ed como del cumplimiento de otras exigencias establecidas por terceras partes.<\/li>\n<li>Mejorar continuamente la eficacia del sistema de gesti\u00f3n, para garantizar nuestra permanente adecuaci\u00f3n a las exigencias de un mercado cada vez m\u00e1s competitivo y un entorno en constante evoluci\u00f3n.<\/li>\n<li>Alcanzar una protecci\u00f3n adecuada de la informaci\u00f3n preservando los principios de: Confidencialidad, garantizando que la informaci\u00f3n sea accesible s\u00f3lo para quien est\u00e9 autorizado a tener acceso a la misma; Integridad, garantizando la exactitud y completitud de la informaci\u00f3n y de los m\u00e9todos de su procesamiento; y Disponibilidad, garantizando que los usuarios autorizados tienen acceso cuando lo requieran a la informaci\u00f3n y sus activos asociados.<\/li>\n<\/ul>\n<p>\u00a0<\/p>\n<p>Considerando estas pautas, esta direcci\u00f3n reitera su m\u00e1s firme compromiso aunando esfuerzos para el logro de estos objetivos, por lo que esta pol\u00edtica es entendida, implantada y mantenida al d\u00eda en todos los niveles de la organizaci\u00f3n.<\/p>\n<p>\u00a0<\/p>\n<p>\u00a0<\/p>\n<p><strong>La Direcci\u00f3n<\/strong> \u00a0\u00a0\u00a0\u00a0\u00a0\u00a0\u00a0\u00a0\u00a0\u00a0\u00a0\u00a0\u00a0\u00a0\u00a0\u00a0\u00a0\u00a0\u00a0\u00a0\u00a0\u00a0\u00a0\u00a0\u00a0\u00a0\u00a0\u00a0\u00a0\u00a0\u00a0\u00a0\u00a0\u00a0\u00a0\u00a0\u00a0\u00a0\u00a0\u00a0\u00a0\u00a0\u00a0\u00a0\u00a0\u00a0\u00a0\u00a0\u00a0\u00a0\u00a0\u00a0\u00a0\u00a0\u00a0\u00a0\u00a0\u00a0\u00a0 En <strong>Madrid<\/strong> a <strong>8<\/strong> de <strong>Enero<\/strong> de <strong>2025<\/strong><\/p>\n<p>ELSA ALVAREZ GARMON<\/p>\n\t\t<\/div>\n\t\t\t\t\t<\/div>\n\n\t\n<\/div>\n","protected":false},"excerpt":{"rendered":"","protected":false},"author":1,"featured_media":0,"parent":0,"menu_order":16,"comment_status":"closed","ping_status":"closed","template":"","meta":{"_acf_changed":false,"footnotes":""},"class_list":["post-1493","page","type-page","status-publish","hentry"],"acf":[],"yoast_head":"<!-- This site is optimized with the Yoast SEO plugin v26.1 - https:\/\/yoast.com\/wordpress\/plugins\/seo\/ -->\n<title>MakeSoft Technologies | Pol\u00edtica de seguridad de la informaci\u00f3n<\/title>\n<meta name=\"description\" content=\"Los servicios MakeSoft est\u00e1n respaldados por los principios de transparencia, \u00e9tica y sostenibilidad. Consulta nuestra Pol\u00edtica de Seguridad de Informaci\u00f3n&gt;&gt;\" \/>\n<meta name=\"robots\" content=\"noindex, follow, max-snippet:-1, max-image-preview:large, max-video-preview:-1\" \/>\n<meta property=\"og:locale\" content=\"es_ES\" \/>\n<meta property=\"og:type\" content=\"article\" \/>\n<meta property=\"og:title\" content=\"MakeSoft Technologies | Pol\u00edtica de seguridad de la informaci\u00f3n\" \/>\n<meta property=\"og:description\" content=\"Los servicios MakeSoft est\u00e1n respaldados por los principios de transparencia, \u00e9tica y sostenibilidad. Consulta nuestra Pol\u00edtica de Seguridad de Informaci\u00f3n&gt;&gt;\" \/>\n<meta property=\"og:url\" content=\"https:\/\/intranet.hostcreaktiva.com\/makesoft\/politica-de-seguridad-de-la-informacion\/\" \/>\n<meta property=\"og:site_name\" content=\"MakeSoft Technologies S.L. | Consultora tecnol\u00f3gica Microsoft\" \/>\n<meta property=\"article:modified_time\" content=\"2025-03-17T16:12:57+00:00\" \/>\n<meta property=\"og:image\" content=\"https:\/\/intranet.hostcreaktiva.com\/makesoft\/wp-content\/uploads\/2024\/06\/imagen-trabaja-2.png\" \/>\n\t<meta property=\"og:image:width\" content=\"2052\" \/>\n\t<meta property=\"og:image:height\" content=\"692\" \/>\n\t<meta property=\"og:image:type\" content=\"image\/png\" \/>\n<meta name=\"twitter:card\" content=\"summary_large_image\" \/>\n<meta name=\"twitter:label1\" content=\"Tiempo de lectura\" \/>\n\t<meta name=\"twitter:data1\" content=\"2 minutos\" \/>\n<script type=\"application\/ld+json\" class=\"yoast-schema-graph\">{\"@context\":\"https:\/\/schema.org\",\"@graph\":[{\"@type\":\"WebPage\",\"@id\":\"https:\/\/intranet.hostcreaktiva.com\/makesoft\/politica-de-seguridad-de-la-informacion\/\",\"url\":\"https:\/\/intranet.hostcreaktiva.com\/makesoft\/politica-de-seguridad-de-la-informacion\/\",\"name\":\"MakeSoft Technologies | Pol\u00edtica de seguridad de la informaci\u00f3n\",\"isPartOf\":{\"@id\":\"https:\/\/intranet.hostcreaktiva.com\/makesoft\/#website\"},\"datePublished\":\"2024-06-14T10:39:05+00:00\",\"dateModified\":\"2025-03-17T16:12:57+00:00\",\"description\":\"Los servicios MakeSoft est\u00e1n respaldados por los principios de transparencia, \u00e9tica y sostenibilidad. Consulta nuestra Pol\u00edtica de Seguridad de Informaci\u00f3n>>\",\"breadcrumb\":{\"@id\":\"https:\/\/intranet.hostcreaktiva.com\/makesoft\/politica-de-seguridad-de-la-informacion\/#breadcrumb\"},\"inLanguage\":\"es\",\"potentialAction\":[{\"@type\":\"ReadAction\",\"target\":[\"https:\/\/intranet.hostcreaktiva.com\/makesoft\/politica-de-seguridad-de-la-informacion\/\"]}]},{\"@type\":\"BreadcrumbList\",\"@id\":\"https:\/\/intranet.hostcreaktiva.com\/makesoft\/politica-de-seguridad-de-la-informacion\/#breadcrumb\",\"itemListElement\":[{\"@type\":\"ListItem\",\"position\":1,\"name\":\"Portada\",\"item\":\"https:\/\/intranet.hostcreaktiva.com\/makesoft\/\"},{\"@type\":\"ListItem\",\"position\":2,\"name\":\"POLITICA DE SEGURIDAD DE LA INFORMACION\"}]},{\"@type\":\"WebSite\",\"@id\":\"https:\/\/intranet.hostcreaktiva.com\/makesoft\/#website\",\"url\":\"https:\/\/intranet.hostcreaktiva.com\/makesoft\/\",\"name\":\"MakeSoft Technologies | Consultora Tecnol\u00f3gica Microsoft\",\"description\":\"MakeSoft Technologies especialistas en Microsoft Dynamics 365, CRM, Power BI y Office 365. Soluciones tecnol\u00f3gicas para empresas.\",\"publisher\":{\"@id\":\"https:\/\/intranet.hostcreaktiva.com\/makesoft\/#organization\"},\"potentialAction\":[{\"@type\":\"SearchAction\",\"target\":{\"@type\":\"EntryPoint\",\"urlTemplate\":\"https:\/\/intranet.hostcreaktiva.com\/makesoft\/?s={search_term_string}\"},\"query-input\":{\"@type\":\"PropertyValueSpecification\",\"valueRequired\":true,\"valueName\":\"search_term_string\"}}],\"inLanguage\":\"es\"},{\"@type\":\"Organization\",\"@id\":\"https:\/\/intranet.hostcreaktiva.com\/makesoft\/#organization\",\"name\":\"MakeSoft Technologies SL\",\"url\":\"https:\/\/intranet.hostcreaktiva.com\/makesoft\/\",\"logo\":{\"@type\":\"ImageObject\",\"inLanguage\":\"es\",\"@id\":\"https:\/\/intranet.hostcreaktiva.com\/makesoft\/#\/schema\/logo\/image\/\",\"url\":\"https:\/\/intranet.hostcreaktiva.com\/makesoft\/wp-content\/uploads\/2024\/05\/logotipo-1.png\",\"contentUrl\":\"https:\/\/intranet.hostcreaktiva.com\/makesoft\/wp-content\/uploads\/2024\/05\/logotipo-1.png\",\"width\":1308,\"height\":292,\"caption\":\"MakeSoft Technologies SL\"},\"image\":{\"@id\":\"https:\/\/intranet.hostcreaktiva.com\/makesoft\/#\/schema\/logo\/image\/\"},\"sameAs\":[\"https:\/\/www.linkedin.com\/company\/693663\/admin\/feed\/posts\/\",\"https:\/\/www.youtube.com\/user\/MakeSoftTechnologies\"]}]}<\/script>\n<!-- \/ Yoast SEO plugin. -->","yoast_head_json":{"title":"MakeSoft Technologies | Pol\u00edtica de seguridad de la informaci\u00f3n","description":"Los servicios MakeSoft est\u00e1n respaldados por los principios de transparencia, \u00e9tica y sostenibilidad. Consulta nuestra Pol\u00edtica de Seguridad de Informaci\u00f3n>>","robots":{"index":"noindex","follow":"follow","max-snippet":"max-snippet:-1","max-image-preview":"max-image-preview:large","max-video-preview":"max-video-preview:-1"},"og_locale":"es_ES","og_type":"article","og_title":"MakeSoft Technologies | Pol\u00edtica de seguridad de la informaci\u00f3n","og_description":"Los servicios MakeSoft est\u00e1n respaldados por los principios de transparencia, \u00e9tica y sostenibilidad. Consulta nuestra Pol\u00edtica de Seguridad de Informaci\u00f3n>>","og_url":"https:\/\/intranet.hostcreaktiva.com\/makesoft\/politica-de-seguridad-de-la-informacion\/","og_site_name":"MakeSoft Technologies S.L. | Consultora tecnol\u00f3gica Microsoft","article_modified_time":"2025-03-17T16:12:57+00:00","og_image":[{"width":2052,"height":692,"url":"https:\/\/intranet.hostcreaktiva.com\/makesoft\/wp-content\/uploads\/2024\/06\/imagen-trabaja-2.png","type":"image\/png"}],"twitter_card":"summary_large_image","twitter_misc":{"Tiempo de lectura":"2 minutos"},"schema":{"@context":"https:\/\/schema.org","@graph":[{"@type":"WebPage","@id":"https:\/\/intranet.hostcreaktiva.com\/makesoft\/politica-de-seguridad-de-la-informacion\/","url":"https:\/\/intranet.hostcreaktiva.com\/makesoft\/politica-de-seguridad-de-la-informacion\/","name":"MakeSoft Technologies | Pol\u00edtica de seguridad de la informaci\u00f3n","isPartOf":{"@id":"https:\/\/intranet.hostcreaktiva.com\/makesoft\/#website"},"datePublished":"2024-06-14T10:39:05+00:00","dateModified":"2025-03-17T16:12:57+00:00","description":"Los servicios MakeSoft est\u00e1n respaldados por los principios de transparencia, \u00e9tica y sostenibilidad. Consulta nuestra Pol\u00edtica de Seguridad de Informaci\u00f3n>>","breadcrumb":{"@id":"https:\/\/intranet.hostcreaktiva.com\/makesoft\/politica-de-seguridad-de-la-informacion\/#breadcrumb"},"inLanguage":"es","potentialAction":[{"@type":"ReadAction","target":["https:\/\/intranet.hostcreaktiva.com\/makesoft\/politica-de-seguridad-de-la-informacion\/"]}]},{"@type":"BreadcrumbList","@id":"https:\/\/intranet.hostcreaktiva.com\/makesoft\/politica-de-seguridad-de-la-informacion\/#breadcrumb","itemListElement":[{"@type":"ListItem","position":1,"name":"Portada","item":"https:\/\/intranet.hostcreaktiva.com\/makesoft\/"},{"@type":"ListItem","position":2,"name":"POLITICA DE SEGURIDAD DE LA INFORMACION"}]},{"@type":"WebSite","@id":"https:\/\/intranet.hostcreaktiva.com\/makesoft\/#website","url":"https:\/\/intranet.hostcreaktiva.com\/makesoft\/","name":"MakeSoft Technologies | Consultora Tecnol\u00f3gica Microsoft","description":"MakeSoft Technologies especialistas en Microsoft Dynamics 365, CRM, Power BI y Office 365. Soluciones tecnol\u00f3gicas para empresas.","publisher":{"@id":"https:\/\/intranet.hostcreaktiva.com\/makesoft\/#organization"},"potentialAction":[{"@type":"SearchAction","target":{"@type":"EntryPoint","urlTemplate":"https:\/\/intranet.hostcreaktiva.com\/makesoft\/?s={search_term_string}"},"query-input":{"@type":"PropertyValueSpecification","valueRequired":true,"valueName":"search_term_string"}}],"inLanguage":"es"},{"@type":"Organization","@id":"https:\/\/intranet.hostcreaktiva.com\/makesoft\/#organization","name":"MakeSoft Technologies SL","url":"https:\/\/intranet.hostcreaktiva.com\/makesoft\/","logo":{"@type":"ImageObject","inLanguage":"es","@id":"https:\/\/intranet.hostcreaktiva.com\/makesoft\/#\/schema\/logo\/image\/","url":"https:\/\/intranet.hostcreaktiva.com\/makesoft\/wp-content\/uploads\/2024\/05\/logotipo-1.png","contentUrl":"https:\/\/intranet.hostcreaktiva.com\/makesoft\/wp-content\/uploads\/2024\/05\/logotipo-1.png","width":1308,"height":292,"caption":"MakeSoft Technologies SL"},"image":{"@id":"https:\/\/intranet.hostcreaktiva.com\/makesoft\/#\/schema\/logo\/image\/"},"sameAs":["https:\/\/www.linkedin.com\/company\/693663\/admin\/feed\/posts\/","https:\/\/www.youtube.com\/user\/MakeSoftTechnologies"]}]}},"_links":{"self":[{"href":"https:\/\/intranet.hostcreaktiva.com\/makesoft\/wp-json\/wp\/v2\/pages\/1493","targetHints":{"allow":["GET"]}}],"collection":[{"href":"https:\/\/intranet.hostcreaktiva.com\/makesoft\/wp-json\/wp\/v2\/pages"}],"about":[{"href":"https:\/\/intranet.hostcreaktiva.com\/makesoft\/wp-json\/wp\/v2\/types\/page"}],"author":[{"embeddable":true,"href":"https:\/\/intranet.hostcreaktiva.com\/makesoft\/wp-json\/wp\/v2\/users\/1"}],"replies":[{"embeddable":true,"href":"https:\/\/intranet.hostcreaktiva.com\/makesoft\/wp-json\/wp\/v2\/comments?post=1493"}],"version-history":[{"count":5,"href":"https:\/\/intranet.hostcreaktiva.com\/makesoft\/wp-json\/wp\/v2\/pages\/1493\/revisions"}],"predecessor-version":[{"id":3558,"href":"https:\/\/intranet.hostcreaktiva.com\/makesoft\/wp-json\/wp\/v2\/pages\/1493\/revisions\/3558"}],"wp:attachment":[{"href":"https:\/\/intranet.hostcreaktiva.com\/makesoft\/wp-json\/wp\/v2\/media?parent=1493"}],"curies":[{"name":"wp","href":"https:\/\/api.w.org\/{rel}","templated":true}]}}